{"id":97,"date":"2019-06-24T05:59:43","date_gmt":"2019-06-24T05:59:43","guid":{"rendered":"http:\/\/gfj.com.mx\/index.php\/home\/"},"modified":"2021-05-10T17:31:29","modified_gmt":"2021-05-10T17:31:29","slug":"home","status":"publish","type":"page","link":"http:\/\/gfj.com.mx\/","title":{"rendered":"Inicio"},"content":{"rendered":"\t\t<div data-elementor-type=\"wp-post\" data-elementor-id=\"97\" class=\"elementor elementor-97\" data-elementor-settings=\"[]\">\n\t\t\t\t\t\t<div class=\"elementor-inner\">\n\t\t\t\t\t\t\t<div class=\"elementor-section-wrap\">\n\t\t\t\t\t\t\t<section class=\"elementor-section elementor-top-section elementor-element elementor-element-210c46c elementor-section-height-min-height elementor-section-content-middle elementor-section-boxed elementor-section-height-default elementor-section-items-middle\" data-id=\"210c46c\" data-element_type=\"section\" data-settings=\"{&quot;background_background&quot;:&quot;classic&quot;}\">\n\t\t\t\t\t\t<div class=\"elementor-container elementor-column-gap-default\">\n\t\t\t\t\t\t\t<div class=\"elementor-row\">\n\t\t\t\t\t<div class=\"aux-parallax-section elementor-column elementor-col-100 elementor-top-column elementor-element elementor-element-32033e6\" data-id=\"32033e6\" data-element_type=\"column\">\n\t\t\t<div class=\"elementor-column-wrap elementor-element-populated\">\n\t\t\t\t\t\t\t<div class=\"elementor-widget-wrap\">\n\t\t\t\t\t\t<div class=\"elementor-element elementor-element-165df43 elementor-widget elementor-widget-aux_image\" data-id=\"165df43\" data-element_type=\"widget\" data-widget_type=\"aux_image.default\">\n\t\t\t\t<div class=\"elementor-widget-container\">\n\t\t\t<section class=\"widget-container aux-widget-image aux-alignnone aux-parent-au66610e9b\" style=\"\" >\n    <div class=\"aux-media-hint-frame \">\n        <div class=\"aux-media-image \" >\n        \n            \n\n            \n            <img loading=\"lazy\" width=\"1796\" height=\"2288\" src=\"http:\/\/gfj.com.mx\/wp-content\/uploads\/2019\/06\/Group_7543.svg\" class=\"aux-attachment aux-featured-image aux-attachment-id-63\" alt=\"demo-attachment-44-Group_7543\" data-ratio=\"0.78\" data-original-w=\"1796\" \/>            \n                <\/div>\n    <\/div>\n\n<\/section><!-- widget-container -->\t\t<\/div>\n\t\t\t\t<\/div>\n\t\t\t\t<div class=\"elementor-element elementor-element-52269dd aux-appear-watch-animation aux-slide-from-bot elementor-widget elementor-widget-aux_modern_heading\" data-id=\"52269dd\" data-element_type=\"widget\" data-widget_type=\"aux_modern_heading.default\">\n\t\t\t\t<div class=\"elementor-widget-container\">\n\t\t\t<section class=\"aux-widget-modern-heading\">\n            <div class=\"aux-widget-inner\"><h2 class=\"aux-modern-heading-primary\">ANTEPONEMOS TUS INTERESES<\/h2><div class=\"aux-modern-heading-divider\"><\/div><div class=\"aux-modern-heading-description\"><p>SERVICIOS FINANCIEROS INSTITUCIONALES<\/p><\/div><\/div>\n        <\/section>\t\t<\/div>\n\t\t\t\t<\/div>\n\t\t\t\t<div class=\"elementor-element elementor-element-360aa49 elementor-widget__width-auto aux-appear-watch-animation aux-fade-in-right-1 elementor-widget elementor-widget-aux_button\" data-id=\"360aa49\" data-element_type=\"widget\" data-widget_type=\"aux_button.default\">\n\t\t\t\t<div class=\"elementor-widget-container\">\n\t\t\t<a  href=\"https:\/\/asesorescrea.com\/desarrollo\/crm\/registro3.html\" target=\"_blank\"   class=\"aux-button aux-medium aux-ball-blue aux-none aux-uppercase\" ><span class=\"aux-overlay\"><\/span><span class=\"aux-text\">CONT\u00c1CTANOS<\/span><\/a>\t\t<\/div>\n\t\t\t\t<\/div>\n\t\t\t\t\t\t<\/div>\n\t\t\t\t\t<\/div>\n\t\t<\/div>\n\t\t\t\t\t\t\t\t<\/div>\n\t\t\t\t\t<\/div>\n\t\t<\/section>\n\t\t\t\t<section class=\"elementor-section elementor-top-section elementor-element elementor-element-b366cfc elementor-section-boxed elementor-section-height-default elementor-section-height-default\" data-id=\"b366cfc\" data-element_type=\"section\" data-settings=\"{&quot;background_background&quot;:&quot;gradient&quot;}\">\n\t\t\t\t\t\t<div class=\"elementor-container elementor-column-gap-default\">\n\t\t\t\t\t\t\t<div class=\"elementor-row\">\n\t\t\t\t\t<div class=\"aux-parallax-section elementor-column elementor-col-100 elementor-top-column elementor-element elementor-element-4200b28\" data-id=\"4200b28\" data-element_type=\"column\" data-settings=\"{&quot;background_background&quot;:&quot;classic&quot;}\">\n\t\t\t<div class=\"elementor-column-wrap elementor-element-populated\">\n\t\t\t\t\t\t\t<div class=\"elementor-widget-wrap\">\n\t\t\t\t\t\t<section class=\"elementor-section elementor-inner-section elementor-element elementor-element-ac71b2e elementor-section-boxed elementor-section-height-default elementor-section-height-default\" data-id=\"ac71b2e\" data-element_type=\"section\">\n\t\t\t\t\t\t<div class=\"elementor-container elementor-column-gap-default\">\n\t\t\t\t\t\t\t<div class=\"elementor-row\">\n\t\t\t\t\t<div class=\"aux-parallax-section elementor-column elementor-col-100 elementor-inner-column elementor-element elementor-element-ff3380c\" data-id=\"ff3380c\" data-element_type=\"column\">\n\t\t\t<div class=\"elementor-column-wrap elementor-element-populated\">\n\t\t\t\t\t\t\t<div class=\"elementor-widget-wrap\">\n\t\t\t\t\t\t<div class=\"elementor-element elementor-element-2d4d4b7 elementor-widget elementor-widget-aux_image\" data-id=\"2d4d4b7\" data-element_type=\"widget\" data-widget_type=\"aux_image.default\">\n\t\t\t\t<div class=\"elementor-widget-container\">\n\t\t\t<section class=\"widget-container aux-widget-image aux-alignnone aux-parent-au48039f26\" style=\"\" >\n    <div class=\"aux-media-hint-frame \">\n        <div class=\"aux-media-image \" >\n        \n            \n\n            \n            <img loading=\"lazy\" width=\"1796\" height=\"2288\" src=\"http:\/\/gfj.com.mx\/wp-content\/uploads\/2019\/06\/Group_7543.svg\" class=\"aux-attachment aux-featured-image aux-attachment-id-63\" alt=\"demo-attachment-44-Group_7543\" data-ratio=\"0.78\" data-original-w=\"1796\" \/>            \n                <\/div>\n    <\/div>\n\n<\/section><!-- widget-container -->\t\t<\/div>\n\t\t\t\t<\/div>\n\t\t\t\t<div class=\"elementor-element elementor-element-76734f0 aux-appear-watch-animation aux-fade-in-right elementor-widget elementor-widget-aux_modern_heading\" data-id=\"76734f0\" data-element_type=\"widget\" data-widget_type=\"aux_modern_heading.default\">\n\t\t\t\t<div class=\"elementor-widget-container\">\n\t\t\t<section class=\"aux-widget-modern-heading\">\n            <div class=\"aux-widget-inner\"><h6 class=\"aux-modern-heading-primary\">NUESTROS SERVICIOS<\/h6><\/div>\n        <\/section>\t\t<\/div>\n\t\t\t\t<\/div>\n\t\t\t\t\t\t<\/div>\n\t\t\t\t\t<\/div>\n\t\t<\/div>\n\t\t\t\t\t\t\t\t<\/div>\n\t\t\t\t\t<\/div>\n\t\t<\/section>\n\t\t\t\t<section class=\"elementor-section elementor-inner-section elementor-element elementor-element-13e183f elementor-section-boxed elementor-section-height-default elementor-section-height-default\" data-id=\"13e183f\" data-element_type=\"section\">\n\t\t\t\t\t\t<div class=\"elementor-container elementor-column-gap-default\">\n\t\t\t\t\t\t\t<div class=\"elementor-row\">\n\t\t\t\t\t<div class=\"aux-parallax-section elementor-column elementor-col-100 elementor-inner-column elementor-element elementor-element-4090803\" data-id=\"4090803\" data-element_type=\"column\">\n\t\t\t<div class=\"elementor-column-wrap elementor-element-populated\">\n\t\t\t\t\t\t\t<div class=\"elementor-widget-wrap\">\n\t\t\t\t\t\t<div class=\"elementor-element elementor-element-810e404 aux-appear-watch-animation aux-fade-in-right elementor-widget elementor-widget-aux_modern_heading\" data-id=\"810e404\" data-element_type=\"widget\" data-widget_type=\"aux_modern_heading.default\">\n\t\t\t\t<div class=\"elementor-widget-container\">\n\t\t\t<section class=\"aux-widget-modern-heading\">\n            <div class=\"aux-widget-inner\"><h6 class=\"aux-modern-heading-primary\">\u2022 Somos especialistas en an\u00e1lisis, consultor\u00eda y administraci\u00f3n de riesgos para todos los ramos asegurables y afianzables de \u00e1mbito institucional. <\/h6><\/div>\n        <\/section>\t\t<\/div>\n\t\t\t\t<\/div>\n\t\t\t\t<div class=\"elementor-element elementor-element-c1fafca aux-appear-watch-animation aux-fade-in-right elementor-widget elementor-widget-aux_modern_heading\" data-id=\"c1fafca\" data-element_type=\"widget\" data-widget_type=\"aux_modern_heading.default\">\n\t\t\t\t<div class=\"elementor-widget-container\">\n\t\t\t<section class=\"aux-widget-modern-heading\">\n            <div class=\"aux-widget-inner\"><h6 class=\"aux-modern-heading-primary\">\u2022 Expertos intermediarios en la obtenci\u00f3n de cr\u00e9dito corporativo y beneficios en prestaciones de grupo y descuento por n\u00f3mina, para colaboradores de nuestros clientes.<\/h6><\/div>\n        <\/section>\t\t<\/div>\n\t\t\t\t<\/div>\n\t\t\t\t\t\t<\/div>\n\t\t\t\t\t<\/div>\n\t\t<\/div>\n\t\t\t\t\t\t\t\t<\/div>\n\t\t\t\t\t<\/div>\n\t\t<\/section>\n\t\t\t\t<section class=\"elementor-section elementor-inner-section elementor-element elementor-element-bcba2be elementor-section-boxed elementor-section-height-default elementor-section-height-default elementor-invisible\" data-id=\"bcba2be\" data-element_type=\"section\" id=\"credito-empresarial\" data-settings=\"{&quot;animation&quot;:&quot;fadeIn&quot;}\">\n\t\t\t\t\t\t<div class=\"elementor-container elementor-column-gap-default\">\n\t\t\t\t\t\t\t<div class=\"elementor-row\">\n\t\t\t\t\t<div class=\"aux-parallax-section elementor-column elementor-col-33 elementor-inner-column elementor-element elementor-element-35b27b9\" data-id=\"35b27b9\" data-element_type=\"column\">\n\t\t\t<div class=\"elementor-column-wrap elementor-element-populated\">\n\t\t\t\t\t\t\t<div class=\"elementor-widget-wrap\">\n\t\t\t\t\t\t<div class=\"elementor-element elementor-element-e2237dc elementor-widget elementor-widget-image\" data-id=\"e2237dc\" data-element_type=\"widget\" data-widget_type=\"image.default\">\n\t\t\t\t<div class=\"elementor-widget-container\">\n\t\t\t\t\t<div class=\"elementor-image\">\n\t\t\t\t\t\t\t\t\t\t<img width=\"469\" height=\"469\" src=\"http:\/\/gfj.com.mx\/wp-content\/uploads\/2021\/01\/credito-corporativo.png\" class=\"attachment-large size-large\" alt=\"\" loading=\"lazy\" srcset=\"http:\/\/gfj.com.mx\/wp-content\/uploads\/2021\/01\/credito-corporativo.png 469w, http:\/\/gfj.com.mx\/wp-content\/uploads\/2021\/01\/credito-corporativo-300x300.png 300w, http:\/\/gfj.com.mx\/wp-content\/uploads\/2021\/01\/credito-corporativo-150x150.png 150w\" sizes=\"(max-width: 469px) 100vw, 469px\" \/>\t\t\t\t\t\t\t\t\t\t\t<\/div>\n\t\t\t\t<\/div>\n\t\t\t\t<\/div>\n\t\t\t\t\t\t<\/div>\n\t\t\t\t\t<\/div>\n\t\t<\/div>\n\t\t\t\t<div class=\"aux-parallax-section elementor-column elementor-col-33 elementor-inner-column elementor-element elementor-element-8cd1c87\" data-id=\"8cd1c87\" data-element_type=\"column\">\n\t\t\t<div class=\"elementor-column-wrap\">\n\t\t\t\t\t\t\t<div class=\"elementor-widget-wrap\">\n\t\t\t\t\t\t\t\t<\/div>\n\t\t\t\t\t<\/div>\n\t\t<\/div>\n\t\t\t\t<div class=\"aux-parallax-section elementor-column elementor-col-33 elementor-inner-column elementor-element elementor-element-8c51933\" data-id=\"8c51933\" data-element_type=\"column\">\n\t\t\t<div class=\"elementor-column-wrap elementor-element-populated\">\n\t\t\t\t\t\t\t<div class=\"elementor-widget-wrap\">\n\t\t\t\t\t\t<div class=\"elementor-element elementor-element-689db8a aux-appear-watch-animation aux-fade-in-right elementor-widget elementor-widget-aux_modern_heading\" data-id=\"689db8a\" data-element_type=\"widget\" data-widget_type=\"aux_modern_heading.default\">\n\t\t\t\t<div class=\"elementor-widget-container\">\n\t\t\t<section class=\"aux-widget-modern-heading\">\n            <div class=\"aux-widget-inner\"><h6 class=\"aux-modern-heading-primary\">Cr\u00e9dito Empresarial<\/h6><div class=\"aux-modern-heading-divider\"><\/div><\/div>\n        <\/section>\t\t<\/div>\n\t\t\t\t<\/div>\n\t\t\t\t<div class=\"elementor-element elementor-element-f599b8e elementor-widget elementor-widget-text-editor\" data-id=\"f599b8e\" data-element_type=\"widget\" data-widget_type=\"text-editor.default\">\n\t\t\t\t<div class=\"elementor-widget-container\">\n\t\t\t\t\t<div class=\"elementor-text-editor elementor-clearfix\"><p>Escuchamos y entendemos tus necesidades, nos aseguramos de sensibilizar en el \u00e1rea de riesgos, los requerimientos de nuestros clientes y presentamos personalmente cada operaci\u00f3n.<\/p><p>\u2022 Negociaremos las mejores condiciones de mercado:<br \/><em>\u00a0 \u00a0 \u00a0\u2022 Tasa de inter\u00e9s,<br \/><\/em><em>\u00a0 \u00a0 \u00a0\u2022 Plazo,<br \/><\/em><em>\u00a0 \u00a0 \u00a0\u2022 Periodicidad de pago que mejor se adapte a tu<br \/>\u00a0 \u00a0 \u00a0 \u00a0<\/em><em>flujo de operaci\u00f3n.<\/em><\/p><p>\u2022 Dictamen a tu petici\u00f3n de cr\u00e9dito, en un tiempo no mayor a 2 semanas.<\/p><p>\u2022 Nuestro servicio no genera un gasto adicional para nuestros clientes.<\/p><\/div>\n\t\t\t\t<\/div>\n\t\t\t\t<\/div>\n\t\t\t\t\t\t<\/div>\n\t\t\t\t\t<\/div>\n\t\t<\/div>\n\t\t\t\t\t\t\t\t<\/div>\n\t\t\t\t\t<\/div>\n\t\t<\/section>\n\t\t\t\t<section class=\"elementor-section elementor-inner-section elementor-element elementor-element-ec083e5 elementor-section-boxed elementor-section-height-default elementor-section-height-default elementor-invisible\" data-id=\"ec083e5\" data-element_type=\"section\" id=\"seguros-institucionales\" data-settings=\"{&quot;animation&quot;:&quot;fadeIn&quot;}\">\n\t\t\t\t\t\t<div class=\"elementor-container elementor-column-gap-default\">\n\t\t\t\t\t\t\t<div class=\"elementor-row\">\n\t\t\t\t\t<div class=\"aux-parallax-section elementor-column elementor-col-33 elementor-inner-column elementor-element elementor-element-41d6e14\" data-id=\"41d6e14\" data-element_type=\"column\">\n\t\t\t<div class=\"elementor-column-wrap elementor-element-populated\">\n\t\t\t\t\t\t\t<div class=\"elementor-widget-wrap\">\n\t\t\t\t\t\t<div class=\"elementor-element elementor-element-745b23b aux-appear-watch-animation aux-fade-in-right elementor-widget elementor-widget-aux_modern_heading\" data-id=\"745b23b\" data-element_type=\"widget\" data-widget_type=\"aux_modern_heading.default\">\n\t\t\t\t<div class=\"elementor-widget-container\">\n\t\t\t<section class=\"aux-widget-modern-heading\">\n            <div class=\"aux-widget-inner\"><h6 class=\"aux-modern-heading-primary\">Seguros Institucionales<\/h6><div class=\"aux-modern-heading-divider\"><\/div><\/div>\n        <\/section>\t\t<\/div>\n\t\t\t\t<\/div>\n\t\t\t\t<div class=\"elementor-element elementor-element-5f98cd4 elementor-widget elementor-widget-text-editor\" data-id=\"5f98cd4\" data-element_type=\"widget\" data-widget_type=\"text-editor.default\">\n\t\t\t\t<div class=\"elementor-widget-container\">\n\t\t\t\t\t<div class=\"elementor-text-editor elementor-clearfix\"><p>\u2022 P\u00f3lizas M\u00faltiple Empresariales.<\/p><p>\u2022 Da\u00f1os Inmuebles.<\/p><p><em>\u2022 <\/em>Seguros de Construcci\u00f3n.<\/p><p>\u2022 Plan Piso.<\/p><p>\u2022 Riesgos Federales, Estatales y Municipales.<\/p><p>\u2022 Colocaci\u00f3n de Riesgos en Mercado Internacional (Reaseguro).<\/p><p>\u2022 Flotillas de Autos y Tractocamiones.<\/p><p>\u2022 P\u00f3lizas Grupales de Vida y Gastos M\u00e9dicos.<\/p><p>\u2022 Aviones y buques.<\/p><p>\u2022 Seguros de transporte.<\/p><\/div>\n\t\t\t\t<\/div>\n\t\t\t\t<\/div>\n\t\t\t\t\t\t<\/div>\n\t\t\t\t\t<\/div>\n\t\t<\/div>\n\t\t\t\t<div class=\"aux-parallax-section elementor-column elementor-col-33 elementor-inner-column elementor-element elementor-element-f3f7c55\" data-id=\"f3f7c55\" data-element_type=\"column\">\n\t\t\t<div class=\"elementor-column-wrap\">\n\t\t\t\t\t\t\t<div class=\"elementor-widget-wrap\">\n\t\t\t\t\t\t\t\t<\/div>\n\t\t\t\t\t<\/div>\n\t\t<\/div>\n\t\t\t\t<div class=\"aux-parallax-section elementor-column elementor-col-33 elementor-inner-column elementor-element elementor-element-363cc1b\" data-id=\"363cc1b\" data-element_type=\"column\">\n\t\t\t<div class=\"elementor-column-wrap elementor-element-populated\">\n\t\t\t\t\t\t\t<div class=\"elementor-widget-wrap\">\n\t\t\t\t\t\t<div class=\"elementor-element elementor-element-192e536 elementor-widget elementor-widget-image\" data-id=\"192e536\" data-element_type=\"widget\" data-widget_type=\"image.default\">\n\t\t\t\t<div class=\"elementor-widget-container\">\n\t\t\t\t\t<div class=\"elementor-image\">\n\t\t\t\t\t\t\t\t\t\t<img width=\"469\" height=\"469\" src=\"http:\/\/gfj.com.mx\/wp-content\/uploads\/2021\/01\/seguros-institucionales.png\" class=\"attachment-large size-large\" alt=\"\" loading=\"lazy\" srcset=\"http:\/\/gfj.com.mx\/wp-content\/uploads\/2021\/01\/seguros-institucionales.png 469w, http:\/\/gfj.com.mx\/wp-content\/uploads\/2021\/01\/seguros-institucionales-300x300.png 300w, http:\/\/gfj.com.mx\/wp-content\/uploads\/2021\/01\/seguros-institucionales-150x150.png 150w\" sizes=\"(max-width: 469px) 100vw, 469px\" \/>\t\t\t\t\t\t\t\t\t\t\t<\/div>\n\t\t\t\t<\/div>\n\t\t\t\t<\/div>\n\t\t\t\t\t\t<\/div>\n\t\t\t\t\t<\/div>\n\t\t<\/div>\n\t\t\t\t\t\t\t\t<\/div>\n\t\t\t\t\t<\/div>\n\t\t<\/section>\n\t\t\t\t<section class=\"elementor-section elementor-inner-section elementor-element elementor-element-347ccef elementor-section-boxed elementor-section-height-default elementor-section-height-default elementor-invisible\" data-id=\"347ccef\" data-element_type=\"section\" data-settings=\"{&quot;animation&quot;:&quot;fadeIn&quot;}\">\n\t\t\t\t\t\t<div class=\"elementor-container elementor-column-gap-default\">\n\t\t\t\t\t\t\t<div class=\"elementor-row\">\n\t\t\t\t\t<div class=\"aux-parallax-section elementor-column elementor-col-33 elementor-inner-column elementor-element elementor-element-f80c84e\" data-id=\"f80c84e\" data-element_type=\"column\">\n\t\t\t<div class=\"elementor-column-wrap elementor-element-populated\">\n\t\t\t\t\t\t\t<div class=\"elementor-widget-wrap\">\n\t\t\t\t\t\t<div class=\"elementor-element elementor-element-de12ce2 elementor-widget elementor-widget-image\" data-id=\"de12ce2\" data-element_type=\"widget\" data-widget_type=\"image.default\">\n\t\t\t\t<div class=\"elementor-widget-container\">\n\t\t\t\t\t<div class=\"elementor-image\">\n\t\t\t\t\t\t\t\t\t\t<img width=\"469\" height=\"469\" src=\"http:\/\/gfj.com.mx\/wp-content\/uploads\/2021\/01\/colaboradores.png\" class=\"attachment-large size-large\" alt=\"\" loading=\"lazy\" srcset=\"http:\/\/gfj.com.mx\/wp-content\/uploads\/2021\/01\/colaboradores.png 469w, http:\/\/gfj.com.mx\/wp-content\/uploads\/2021\/01\/colaboradores-300x300.png 300w, http:\/\/gfj.com.mx\/wp-content\/uploads\/2021\/01\/colaboradores-150x150.png 150w\" sizes=\"(max-width: 469px) 100vw, 469px\" \/>\t\t\t\t\t\t\t\t\t\t\t<\/div>\n\t\t\t\t<\/div>\n\t\t\t\t<\/div>\n\t\t\t\t\t\t<\/div>\n\t\t\t\t\t<\/div>\n\t\t<\/div>\n\t\t\t\t<div class=\"aux-parallax-section elementor-column elementor-col-33 elementor-inner-column elementor-element elementor-element-6ec83c9\" data-id=\"6ec83c9\" data-element_type=\"column\">\n\t\t\t<div class=\"elementor-column-wrap\">\n\t\t\t\t\t\t\t<div class=\"elementor-widget-wrap\">\n\t\t\t\t\t\t\t\t<\/div>\n\t\t\t\t\t<\/div>\n\t\t<\/div>\n\t\t\t\t<div class=\"aux-parallax-section elementor-column elementor-col-33 elementor-inner-column elementor-element elementor-element-c7589ae\" data-id=\"c7589ae\" data-element_type=\"column\">\n\t\t\t<div class=\"elementor-column-wrap elementor-element-populated\">\n\t\t\t\t\t\t\t<div class=\"elementor-widget-wrap\">\n\t\t\t\t\t\t<div class=\"elementor-element elementor-element-048f555 aux-appear-watch-animation aux-fade-in-right elementor-widget elementor-widget-aux_modern_heading\" data-id=\"048f555\" data-element_type=\"widget\" data-widget_type=\"aux_modern_heading.default\">\n\t\t\t\t<div class=\"elementor-widget-container\">\n\t\t\t<section class=\"aux-widget-modern-heading\">\n            <div class=\"aux-widget-inner\"><h6 class=\"aux-modern-heading-primary\">Beneficios Colaboradores<\/h6><div class=\"aux-modern-heading-divider\"><\/div><\/div>\n        <\/section>\t\t<\/div>\n\t\t\t\t<\/div>\n\t\t\t\t<div class=\"elementor-element elementor-element-b8b044f elementor-widget elementor-widget-text-editor\" data-id=\"b8b044f\" data-element_type=\"widget\" data-widget_type=\"text-editor.default\">\n\t\t\t\t<div class=\"elementor-widget-container\">\n\t\t\t\t\t<div class=\"elementor-text-editor elementor-clearfix\"><p>Utilice la Plataforma de Beneficios de nuestro grupo (<a href=\"http:\/\/www.financieracrea.com\">financieracrea.com<\/a>) sin costo, para que tu equipo de trabajo goce de prestaciones de calidad en su n\u00f3mina.<\/p><p>\u2022 Servicio de cumplimiento a NOM-035 en cortes\u00eda; a trav\u00e9s de Time2Talk.<\/p><p>\u2022 Cr\u00e9ditos Descuento por N\u00f3mina.<\/p><p>\u2022 Anticipos de Quincena.<\/p><p>\u2022 Contrataci\u00f3n de Seguros bajo las mejores condiciones de Mercado; servicios adaptados a la capacidad econ\u00f3mica de cada empleado.<\/p><\/div>\n\t\t\t\t<\/div>\n\t\t\t\t<\/div>\n\t\t\t\t\t\t<\/div>\n\t\t\t\t\t<\/div>\n\t\t<\/div>\n\t\t\t\t\t\t\t\t<\/div>\n\t\t\t\t\t<\/div>\n\t\t<\/section>\n\t\t\t\t\t\t<\/div>\n\t\t\t\t\t<\/div>\n\t\t<\/div>\n\t\t\t\t\t\t\t\t<\/div>\n\t\t\t\t\t<\/div>\n\t\t<\/section>\n\t\t\t\t<section class=\"elementor-section elementor-top-section elementor-element elementor-element-5fca52a elementor-section-height-min-height elementor-section-content-middle elementor-reverse-mobile elementor-section-boxed elementor-section-height-default elementor-section-items-middle\" data-id=\"5fca52a\" data-element_type=\"section\" data-settings=\"{&quot;background_background&quot;:&quot;classic&quot;}\">\n\t\t\t\t\t\t<div class=\"elementor-container elementor-column-gap-default\">\n\t\t\t\t\t\t\t<div class=\"elementor-row\">\n\t\t\t\t\t<div class=\"aux-parallax-section elementor-column elementor-col-50 elementor-top-column elementor-element elementor-element-3dd201f\" data-id=\"3dd201f\" data-element_type=\"column\">\n\t\t\t<div class=\"elementor-column-wrap\">\n\t\t\t\t\t\t\t<div class=\"elementor-widget-wrap\">\n\t\t\t\t\t\t\t\t<\/div>\n\t\t\t\t\t<\/div>\n\t\t<\/div>\n\t\t\t\t<div class=\"aux-parallax-section elementor-column elementor-col-50 elementor-top-column elementor-element elementor-element-99dfa87\" data-id=\"99dfa87\" data-element_type=\"column\">\n\t\t\t<div class=\"elementor-column-wrap elementor-element-populated\">\n\t\t\t\t\t\t\t<div class=\"elementor-widget-wrap\">\n\t\t\t\t\t\t<div class=\"elementor-element elementor-element-760dc4b aux-appear-watch-animation aux-fade-in-right-1 elementor-widget elementor-widget-aux_modern_heading\" data-id=\"760dc4b\" data-element_type=\"widget\" data-widget_type=\"aux_modern_heading.default\">\n\t\t\t\t<div class=\"elementor-widget-container\">\n\t\t\t<section class=\"aux-widget-modern-heading\">\n            <div class=\"aux-widget-inner\"><div class=\"aux-modern-heading-divider\"><\/div><p class=\"aux-modern-heading-primary\">VALORAMOS TU CONFIANZA<\/p><h3 class=\"aux-modern-heading-secondary\"><span class=\"aux-head-before\">ASESOR\u00cdA PERSONALIZADA<\/span><\/h3><\/div>\n        <\/section>\t\t<\/div>\n\t\t\t\t<\/div>\n\t\t\t\t<div class=\"elementor-element elementor-element-be6ff93 elementor-widget__width-auto aux-appear-watch-animation aux-fade-in-right-1 elementor-widget elementor-widget-aux_button\" data-id=\"be6ff93\" data-element_type=\"widget\" data-widget_type=\"aux_button.default\">\n\t\t\t\t<div class=\"elementor-widget-container\">\n\t\t\t<a  href=\"https:\/\/asesorescrea.com\/desarrollo\/crm\/registro3.html\" target=\"_blank\"   class=\"aux-button aux-medium aux-ball-blue aux-none aux-uppercase\" ><span class=\"aux-overlay\"><\/span><span class=\"aux-text\">CONT\u00c1CTANOS<\/span><\/a>\t\t<\/div>\n\t\t\t\t<\/div>\n\t\t\t\t\t\t<\/div>\n\t\t\t\t\t<\/div>\n\t\t<\/div>\n\t\t\t\t\t\t\t\t<\/div>\n\t\t\t\t\t<\/div>\n\t\t<\/section>\n\t\t\t\t\t\t<\/div>\n\t\t\t\t\t\t<\/div>\n\t\t\t\t\t<\/div>\n\t\t","protected":false},"excerpt":{"rendered":"<p>ANTEPONEMOS TUS INTERESES SERVICIOS FINANCIEROS INSTITUCIONALES CONT\u00c1CTANOS NUESTROS SERVICIOS \u2022 Somos especialistas en an\u00e1lisis, consultor\u00eda y administraci\u00f3n de riesgos para todos los ramos asegurables y afianzables de \u00e1mbito institucional. \u2022 Expertos intermediarios en la obtenci\u00f3n de cr\u00e9dito corporativo y beneficios en prestaciones de grupo y descuento por n\u00f3mina, para colaboradores de nuestros clientes. Cr\u00e9dito Empresarial [&hellip;]<\/p>\n","protected":false},"author":1,"featured_media":0,"parent":0,"menu_order":0,"comment_status":"closed","ping_status":"closed","template":"templates\/page-builder-content.php","meta":[],"_links":{"self":[{"href":"http:\/\/gfj.com.mx\/index.php\/wp-json\/wp\/v2\/pages\/97"}],"collection":[{"href":"http:\/\/gfj.com.mx\/index.php\/wp-json\/wp\/v2\/pages"}],"about":[{"href":"http:\/\/gfj.com.mx\/index.php\/wp-json\/wp\/v2\/types\/page"}],"author":[{"embeddable":true,"href":"http:\/\/gfj.com.mx\/index.php\/wp-json\/wp\/v2\/users\/1"}],"replies":[{"embeddable":true,"href":"http:\/\/gfj.com.mx\/index.php\/wp-json\/wp\/v2\/comments?post=97"}],"version-history":[{"count":94,"href":"http:\/\/gfj.com.mx\/index.php\/wp-json\/wp\/v2\/pages\/97\/revisions"}],"predecessor-version":[{"id":402,"href":"http:\/\/gfj.com.mx\/index.php\/wp-json\/wp\/v2\/pages\/97\/revisions\/402"}],"wp:attachment":[{"href":"http:\/\/gfj.com.mx\/index.php\/wp-json\/wp\/v2\/media?parent=97"}],"curies":[{"name":"wp","href":"https:\/\/api.w.org\/{rel}","templated":true}]}}